{"id":1178,"date":"2020-05-09T08:52:52","date_gmt":"2020-05-09T08:52:52","guid":{"rendered":"http:\/\/warjakka.com\/?page_id=1178"},"modified":"2025-06-09T06:06:56","modified_gmt":"2025-06-09T06:06:56","slug":"stories","status":"publish","type":"page","link":"https:\/\/warjakka.com\/fi\/stories\/","title":{"rendered":"Stories"},"content":{"rendered":"<p>Here you find a selection of the films we have made in Varjakka<\/p>\n\n\n<div class=\"pt-cv-wrapper\"><div class=\"pt-cv-view pt-cv-grid pt-cv-colsys\" id=\"pt-cv-view-eb3697ekpw\"><div data-id=\"pt-cv-page-1\" class=\"pt-cv-page\" data-cvc=\"4\"><div class=\"col-md-3 col-sm-6 col-xs-12 pt-cv-content-item pt-cv-1-col\" ><div class='pt-cv-ifield'><a href=\"https:\/\/warjakka.com\/fi\/kuin-kylpisin-nestemaisessa-kivessa\/\" class=\"_self pt-cv-href-thumbnail pt-cv-thumb-default\" target=\"_self\" ><img loading=\"lazy\" decoding=\"async\" width=\"350\" height=\"197\" src=\"https:\/\/i0.wp.com\/warjakka.com\/wp-content\/uploads\/2025\/06\/kilpi.png?resize=350%2C197&amp;ssl=1\" class=\"pt-cv-thumbnail\" alt=\"\" srcset=\"https:\/\/i0.wp.com\/warjakka.com\/wp-content\/uploads\/2025\/06\/kilpi.png?resize=350%2C197&amp;ssl=1 350w, https:\/\/i0.wp.com\/warjakka.com\/wp-content\/uploads\/2025\/06\/kilpi.png?zoom=2&amp;resize=350%2C197&amp;ssl=1 700w, https:\/\/i0.wp.com\/warjakka.com\/wp-content\/uploads\/2025\/06\/kilpi.png?zoom=3&amp;resize=350%2C197&amp;ssl=1 1050w\" sizes=\"auto, (max-width: 350px) 100vw, 350px\" \/><\/a>\n<h4 class=\"pt-cv-title\"><a href=\"https:\/\/warjakka.com\/fi\/kuin-kylpisin-nestemaisessa-kivessa\/\" class=\"_self\" target=\"_self\" >Kuin kylpisin nestem\u00e4isess\u00e4 kivess\u00e4<\/a><\/h4><\/div><\/div>\n<div class=\"col-md-3 col-sm-6 col-xs-12 pt-cv-content-item pt-cv-1-col\" ><div class='pt-cv-ifield'><a href=\"https:\/\/warjakka.com\/fi\/together-again-on-varjakka-island\/\" class=\"_self pt-cv-href-thumbnail pt-cv-thumb-default\" target=\"_self\" ><img loading=\"lazy\" decoding=\"async\" width=\"350\" height=\"197\" src=\"https:\/\/i0.wp.com\/warjakka.com\/wp-content\/uploads\/2020\/02\/FI-EandE.jpg?resize=350%2C197&amp;ssl=1\" class=\"pt-cv-thumbnail\" alt=\"\" srcset=\"https:\/\/i0.wp.com\/warjakka.com\/wp-content\/uploads\/2020\/02\/FI-EandE.jpg?resize=350%2C197&amp;ssl=1 350w, https:\/\/i0.wp.com\/warjakka.com\/wp-content\/uploads\/2020\/02\/FI-EandE.jpg?zoom=2&amp;resize=350%2C197&amp;ssl=1 700w, https:\/\/i0.wp.com\/warjakka.com\/wp-content\/uploads\/2020\/02\/FI-EandE.jpg?zoom=3&amp;resize=350%2C197&amp;ssl=1 1050w\" sizes=\"auto, (max-width: 350px) 100vw, 350px\" \/><\/a>\n<h4 class=\"pt-cv-title\"><a href=\"https:\/\/warjakka.com\/fi\/together-again-on-varjakka-island\/\" class=\"_self\" target=\"_self\" >Together Again on Varjakka Island<\/a><\/h4><\/div><\/div>\n<div class=\"col-md-3 col-sm-6 col-xs-12 pt-cv-content-item pt-cv-1-col\" ><div class='pt-cv-ifield'><a href=\"https:\/\/warjakka.com\/fi\/heikki-halleen-varjakkani\/\" class=\"_self pt-cv-href-thumbnail pt-cv-thumb-default\" target=\"_self\" ><img loading=\"lazy\" decoding=\"async\" width=\"350\" height=\"197\" src=\"https:\/\/i0.wp.com\/warjakka.com\/wp-content\/uploads\/2019\/09\/FI-HH.jpg?resize=350%2C197&amp;ssl=1\" class=\"pt-cv-thumbnail\" alt=\"\" srcset=\"https:\/\/i0.wp.com\/warjakka.com\/wp-content\/uploads\/2019\/09\/FI-HH.jpg?resize=350%2C197&amp;ssl=1 350w, https:\/\/i0.wp.com\/warjakka.com\/wp-content\/uploads\/2019\/09\/FI-HH.jpg?zoom=2&amp;resize=350%2C197&amp;ssl=1 700w, https:\/\/i0.wp.com\/warjakka.com\/wp-content\/uploads\/2019\/09\/FI-HH.jpg?zoom=3&amp;resize=350%2C197&amp;ssl=1 1050w\" sizes=\"auto, (max-width: 350px) 100vw, 350px\" \/><\/a>\n<h4 class=\"pt-cv-title\"><a href=\"https:\/\/warjakka.com\/fi\/heikki-halleen-varjakkani\/\" class=\"_self\" target=\"_self\" >Heikki Halleen &#8211; Varjakkani<\/a><\/h4><\/div><\/div>\n<div class=\"col-md-3 col-sm-6 col-xs-12 pt-cv-content-item pt-cv-1-col\" ><div class='pt-cv-ifield'><a href=\"https:\/\/warjakka.com\/fi\/aquarius\/\" class=\"_self pt-cv-href-thumbnail pt-cv-thumb-default\" target=\"_self\" ><img loading=\"lazy\" decoding=\"async\" width=\"350\" height=\"197\" src=\"https:\/\/i0.wp.com\/warjakka.com\/wp-content\/uploads\/2019\/08\/FI-AQ.jpg?resize=350%2C197&amp;ssl=1\" class=\"pt-cv-thumbnail\" alt=\"\" srcset=\"https:\/\/i0.wp.com\/warjakka.com\/wp-content\/uploads\/2019\/08\/FI-AQ.jpg?resize=350%2C197&amp;ssl=1 350w, https:\/\/i0.wp.com\/warjakka.com\/wp-content\/uploads\/2019\/08\/FI-AQ.jpg?zoom=2&amp;resize=350%2C197&amp;ssl=1 700w, https:\/\/i0.wp.com\/warjakka.com\/wp-content\/uploads\/2019\/08\/FI-AQ.jpg?zoom=3&amp;resize=350%2C197&amp;ssl=1 1050w\" sizes=\"auto, (max-width: 350px) 100vw, 350px\" \/><\/a>\n<h4 class=\"pt-cv-title\"><a href=\"https:\/\/warjakka.com\/fi\/aquarius\/\" class=\"_self\" target=\"_self\" >AQUARIUS<\/a><\/h4><\/div><\/div>\n<div class=\"col-md-3 col-sm-6 col-xs-12 pt-cv-content-item pt-cv-1-col\" ><div class='pt-cv-ifield'><a href=\"https:\/\/warjakka.com\/fi\/the-blue-room\/\" class=\"_self pt-cv-href-thumbnail pt-cv-thumb-default\" target=\"_self\" ><img loading=\"lazy\" decoding=\"async\" width=\"350\" height=\"197\" src=\"https:\/\/i0.wp.com\/warjakka.com\/wp-content\/uploads\/2019\/07\/FI-BR.jpg?resize=350%2C197&amp;ssl=1\" class=\"pt-cv-thumbnail\" alt=\"\" srcset=\"https:\/\/i0.wp.com\/warjakka.com\/wp-content\/uploads\/2019\/07\/FI-BR.jpg?resize=350%2C197&amp;ssl=1 350w, https:\/\/i0.wp.com\/warjakka.com\/wp-content\/uploads\/2019\/07\/FI-BR.jpg?zoom=2&amp;resize=350%2C197&amp;ssl=1 700w, https:\/\/i0.wp.com\/warjakka.com\/wp-content\/uploads\/2019\/07\/FI-BR.jpg?zoom=3&amp;resize=350%2C197&amp;ssl=1 1050w\" sizes=\"auto, (max-width: 350px) 100vw, 350px\" \/><\/a>\n<h4 class=\"pt-cv-title\"><a href=\"https:\/\/warjakka.com\/fi\/the-blue-room\/\" class=\"_self\" target=\"_self\" >The Blue Room<\/a><\/h4><\/div><\/div>\n<div class=\"col-md-3 col-sm-6 col-xs-12 pt-cv-content-item pt-cv-1-col\" ><div class='pt-cv-ifield'><a href=\"https:\/\/warjakka.com\/fi\/192019\/\" class=\"_self pt-cv-href-thumbnail pt-cv-thumb-default\" target=\"_self\" ><img loading=\"lazy\" decoding=\"async\" width=\"350\" height=\"197\" src=\"https:\/\/i0.wp.com\/warjakka.com\/wp-content\/uploads\/2019\/07\/FI-19.jpg?resize=350%2C197&amp;ssl=1\" class=\"pt-cv-thumbnail\" alt=\"\" srcset=\"https:\/\/i0.wp.com\/warjakka.com\/wp-content\/uploads\/2019\/07\/FI-19.jpg?resize=350%2C197&amp;ssl=1 350w, https:\/\/i0.wp.com\/warjakka.com\/wp-content\/uploads\/2019\/07\/FI-19.jpg?zoom=2&amp;resize=350%2C197&amp;ssl=1 700w, https:\/\/i0.wp.com\/warjakka.com\/wp-content\/uploads\/2019\/07\/FI-19.jpg?zoom=3&amp;resize=350%2C197&amp;ssl=1 1050w\" sizes=\"auto, (max-width: 350px) 100vw, 350px\" \/><\/a>\n<h4 class=\"pt-cv-title\"><a href=\"https:\/\/warjakka.com\/fi\/192019\/\" class=\"_self\" target=\"_self\" >192019<\/a><\/h4><\/div><\/div>\n<div class=\"col-md-3 col-sm-6 col-xs-12 pt-cv-content-item pt-cv-1-col\" ><div class='pt-cv-ifield'><a href=\"https:\/\/warjakka.com\/fi\/piita\/\" class=\"_self pt-cv-href-thumbnail pt-cv-thumb-default\" target=\"_self\" ><img loading=\"lazy\" decoding=\"async\" width=\"350\" height=\"197\" src=\"https:\/\/i0.wp.com\/warjakka.com\/wp-content\/uploads\/2019\/07\/FI-PI.jpg?resize=350%2C197&amp;ssl=1\" class=\"pt-cv-thumbnail\" alt=\"\" srcset=\"https:\/\/i0.wp.com\/warjakka.com\/wp-content\/uploads\/2019\/07\/FI-PI.jpg?resize=350%2C197&amp;ssl=1 350w, https:\/\/i0.wp.com\/warjakka.com\/wp-content\/uploads\/2019\/07\/FI-PI.jpg?zoom=2&amp;resize=350%2C197&amp;ssl=1 700w, https:\/\/i0.wp.com\/warjakka.com\/wp-content\/uploads\/2019\/07\/FI-PI.jpg?zoom=3&amp;resize=350%2C197&amp;ssl=1 1050w\" sizes=\"auto, (max-width: 350px) 100vw, 350px\" \/><\/a>\n<h4 class=\"pt-cv-title\"><a href=\"https:\/\/warjakka.com\/fi\/piita\/\" class=\"_self\" target=\"_self\" >PIIKA<\/a><\/h4><\/div><\/div>\n<div class=\"col-md-3 col-sm-6 col-xs-12 pt-cv-content-item pt-cv-1-col\" ><div class='pt-cv-ifield'><a href=\"https:\/\/warjakka.com\/fi\/heikki-kurtti-village-millionaire\/\" class=\"_self pt-cv-href-thumbnail pt-cv-thumb-default\" target=\"_self\" ><img loading=\"lazy\" decoding=\"async\" width=\"350\" height=\"197\" src=\"https:\/\/i0.wp.com\/warjakka.com\/wp-content\/uploads\/2018\/10\/FI-HK.jpg?resize=350%2C197&amp;ssl=1\" class=\"pt-cv-thumbnail\" alt=\"\" srcset=\"https:\/\/i0.wp.com\/warjakka.com\/wp-content\/uploads\/2018\/10\/FI-HK.jpg?resize=350%2C197&amp;ssl=1 350w, https:\/\/i0.wp.com\/warjakka.com\/wp-content\/uploads\/2018\/10\/FI-HK.jpg?zoom=2&amp;resize=350%2C197&amp;ssl=1 700w, https:\/\/i0.wp.com\/warjakka.com\/wp-content\/uploads\/2018\/10\/FI-HK.jpg?zoom=3&amp;resize=350%2C197&amp;ssl=1 1050w\" sizes=\"auto, (max-width: 350px) 100vw, 350px\" \/><\/a>\n<h4 class=\"pt-cv-title\"><a href=\"https:\/\/warjakka.com\/fi\/heikki-kurtti-village-millionaire\/\" class=\"_self\" target=\"_self\" >Heikki Kurtti &#8211; Village Millionaire<\/a><\/h4><\/div><\/div><\/div><\/div><\/div>","protected":false},"excerpt":{"rendered":"<p>Here you find a selection of the films we have made in Varjakka<\/p>","protected":false},"author":4,"featured_media":0,"parent":0,"menu_order":0,"comment_status":"closed","ping_status":"closed","template":"page-templates\/full-width.php","meta":{"footnotes":""},"class_list":["post-1178","page","type-page","status-publish","hentry"],"jetpack_sharing_enabled":true,"_links":{"self":[{"href":"https:\/\/warjakka.com\/fi\/wp-json\/wp\/v2\/pages\/1178","targetHints":{"allow":["GET"]}}],"collection":[{"href":"https:\/\/warjakka.com\/fi\/wp-json\/wp\/v2\/pages"}],"about":[{"href":"https:\/\/warjakka.com\/fi\/wp-json\/wp\/v2\/types\/page"}],"author":[{"embeddable":true,"href":"https:\/\/warjakka.com\/fi\/wp-json\/wp\/v2\/users\/4"}],"replies":[{"embeddable":true,"href":"https:\/\/warjakka.com\/fi\/wp-json\/wp\/v2\/comments?post=1178"}],"version-history":[{"count":4,"href":"https:\/\/warjakka.com\/fi\/wp-json\/wp\/v2\/pages\/1178\/revisions"}],"predecessor-version":[{"id":1194,"href":"https:\/\/warjakka.com\/fi\/wp-json\/wp\/v2\/pages\/1178\/revisions\/1194"}],"wp:attachment":[{"href":"https:\/\/warjakka.com\/fi\/wp-json\/wp\/v2\/media?parent=1178"}],"curies":[{"name":"wp","href":"https:\/\/api.w.org\/{rel}","templated":true}]}}