{"id":1362,"date":"2020-06-22T08:02:03","date_gmt":"2020-06-22T08:02:03","guid":{"rendered":"http:\/\/warjakka.com\/?page_id=1362"},"modified":"2023-04-05T15:02:13","modified_gmt":"2023-04-05T15:02:13","slug":"artlab","status":"publish","type":"page","link":"https:\/\/warjakka.com\/fi\/artlab\/","title":{"rendered":"Warjakka Art Lab"},"content":{"rendered":"<div class=\"wp-block-image\">\n<figure class=\"aligncenter size-large\"><img data-recalc-dims=\"1\" loading=\"lazy\" decoding=\"async\" width=\"1024\" height=\"427\" src=\"https:\/\/i0.wp.com\/warjakka.com\/wp-content\/uploads\/2021\/06\/ArtLab21flyer-1-1024x427.jpg?resize=1024%2C427\" alt=\"\" class=\"wp-image-1518\" srcset=\"https:\/\/i0.wp.com\/warjakka.com\/wp-content\/uploads\/2021\/06\/ArtLab21flyer-1.jpg?resize=1024%2C427&amp;ssl=1 1024w, https:\/\/i0.wp.com\/warjakka.com\/wp-content\/uploads\/2021\/06\/ArtLab21flyer-1.jpg?resize=300%2C125&amp;ssl=1 300w, https:\/\/i0.wp.com\/warjakka.com\/wp-content\/uploads\/2021\/06\/ArtLab21flyer-1.jpg?resize=768%2C320&amp;ssl=1 768w, https:\/\/i0.wp.com\/warjakka.com\/wp-content\/uploads\/2021\/06\/ArtLab21flyer-1.jpg?resize=228%2C95&amp;ssl=1 228w, https:\/\/i0.wp.com\/warjakka.com\/wp-content\/uploads\/2021\/06\/ArtLab21flyer-1.jpg?w=1200&amp;ssl=1 1200w\" sizes=\"auto, (max-width: 1024px) 100vw, 1024px\" \/><\/figure>\n<\/div>\n\n\n<p>Throughout July 2019 and 2021, as part of an art project, TaikaBox opened up the Konttori building on Varjakka Island on select days, and ran a regular free ferry service to and from the island. As well as curious visitors, we welcomed artists from all disciplines to use the island and Konttori as a creative space. <br><br>In 2022 we were unable to access the island, so took over the Warjakkalaiset fishing hut for a month where we hosted exhibitions, workshops and events.<\/p>\n\n\n\n<p><br><\/p>\n\n\n\n<hr class=\"wp-block-separator has-css-opacity is-style-wide\"\/>\n\n\n<div class=\"pt-cv-wrapper\"><div class=\"pt-cv-view pt-cv-grid pt-cv-colsys\" id=\"pt-cv-view-1d88b2fo6y\"><div data-id=\"pt-cv-page-1\" class=\"pt-cv-page\" data-cvc=\"4\"><div class=\"col-md-3 col-sm-6 col-xs-12 pt-cv-content-item pt-cv-1-col\" ><div class='pt-cv-ifield'><a href=\"https:\/\/warjakka.com\/fi\/sadonkorjuujuhla-warjakka-puutarhalla-22-8-2020\/\" class=\"_self pt-cv-href-thumbnail pt-cv-thumb-default\" target=\"_self\" ><img loading=\"lazy\" decoding=\"async\" width=\"300\" height=\"114\" src=\"https:\/\/i0.wp.com\/warjakka.com\/wp-content\/uploads\/2020\/08\/SADONKORJUUJUHLA.jpg?fit=300%2C114&amp;ssl=1\" class=\"pt-cv-thumbnail\" alt=\"\" srcset=\"https:\/\/i0.wp.com\/warjakka.com\/wp-content\/uploads\/2020\/08\/SADONKORJUUJUHLA.jpg?w=2050&amp;ssl=1 2050w, https:\/\/i0.wp.com\/warjakka.com\/wp-content\/uploads\/2020\/08\/SADONKORJUUJUHLA.jpg?resize=300%2C114&amp;ssl=1 300w, https:\/\/i0.wp.com\/warjakka.com\/wp-content\/uploads\/2020\/08\/SADONKORJUUJUHLA.jpg?resize=1024%2C390&amp;ssl=1 1024w, https:\/\/i0.wp.com\/warjakka.com\/wp-content\/uploads\/2020\/08\/SADONKORJUUJUHLA.jpg?resize=768%2C292&amp;ssl=1 768w, https:\/\/i0.wp.com\/warjakka.com\/wp-content\/uploads\/2020\/08\/SADONKORJUUJUHLA.jpg?resize=1536%2C584&amp;ssl=1 1536w, https:\/\/i0.wp.com\/warjakka.com\/wp-content\/uploads\/2020\/08\/SADONKORJUUJUHLA.jpg?resize=2048%2C779&amp;ssl=1 2048w, https:\/\/i0.wp.com\/warjakka.com\/wp-content\/uploads\/2020\/08\/SADONKORJUUJUHLA.jpg?resize=228%2C87&amp;ssl=1 228w\" sizes=\"auto, (max-width: 300px) 100vw, 300px\" \/><\/a>\n<h4 class=\"pt-cv-title\"><a href=\"https:\/\/warjakka.com\/fi\/sadonkorjuujuhla-warjakka-puutarhalla-22-8-2020\/\" class=\"_self\" target=\"_self\" >Sadonkorjuujuhla Warjakka Puutarhalla 22.8.2020<\/a><\/h4>\n<div class=\"pt-cv-content\">Tervetuloa Sadonkorjuujuhlaan Varjakkaan lauantaina 22.8. klo 12-14. Osallistu taidekulkueeseen klo 12, jota ...<br \/><div class=\"pt-cv-rmwrap\"><a href=\"https:\/\/warjakka.com\/fi\/sadonkorjuujuhla-warjakka-puutarhalla-22-8-2020\/\" class=\"_self pt-cv-readmore btn btn-success\" target=\"_self\">Read More<\/a><\/div><\/div><\/div><\/div>\n<div class=\"col-md-3 col-sm-6 col-xs-12 pt-cv-content-item pt-cv-1-col\" ><div class='pt-cv-ifield'><a href=\"https:\/\/warjakka.com\/fi\/blogi-kesan-taideteokset\/\" class=\"_self pt-cv-href-thumbnail pt-cv-thumb-default\" target=\"_self\" ><img loading=\"lazy\" decoding=\"async\" width=\"300\" height=\"169\" src=\"https:\/\/i0.wp.com\/warjakka.com\/wp-content\/uploads\/2020\/08\/vhher%C3%A4%C3%A4-scaled.jpg?fit=300%2C169&amp;ssl=1\" class=\"pt-cv-thumbnail\" alt=\"\" \/><\/a>\n<h4 class=\"pt-cv-title\"><a href=\"https:\/\/warjakka.com\/fi\/blogi-kesan-taideteokset\/\" class=\"_self\" target=\"_self\" >Blogi: Kes\u00e4n taideteokset<\/a><\/h4>\n<div class=\"pt-cv-content\">Kes\u00e4n aikana Varjakan mets\u00e4\u00e4n on Taidepolun lis\u00e4ksi ilmestynyt uusia taideteoksia. Tarkkasilm\u00e4inen polulla ...<br \/><div class=\"pt-cv-rmwrap\"><a href=\"https:\/\/warjakka.com\/fi\/blogi-kesan-taideteokset\/\" class=\"_self pt-cv-readmore btn btn-success\" target=\"_self\">Read More<\/a><\/div><\/div><\/div><\/div>\n<div class=\"col-md-3 col-sm-6 col-xs-12 pt-cv-content-item pt-cv-1-col\" ><div class='pt-cv-ifield'><a href=\"https:\/\/warjakka.com\/fi\/pop-up-taidepisteet-elokuussa\/\" class=\"_self pt-cv-href-thumbnail pt-cv-thumb-default\" target=\"_self\" ><img loading=\"lazy\" decoding=\"async\" width=\"300\" height=\"157\" src=\"https:\/\/i0.wp.com\/warjakka.com\/wp-content\/uploads\/2020\/08\/POP-UP-Taidepiste-elokuu-1.jpg?fit=300%2C157&amp;ssl=1\" class=\"pt-cv-thumbnail\" alt=\"\" srcset=\"https:\/\/i0.wp.com\/warjakka.com\/wp-content\/uploads\/2020\/08\/POP-UP-Taidepiste-elokuu-1.jpg?w=1200&amp;ssl=1 1200w, https:\/\/i0.wp.com\/warjakka.com\/wp-content\/uploads\/2020\/08\/POP-UP-Taidepiste-elokuu-1.jpg?resize=300%2C157&amp;ssl=1 300w, https:\/\/i0.wp.com\/warjakka.com\/wp-content\/uploads\/2020\/08\/POP-UP-Taidepiste-elokuu-1.jpg?resize=1024%2C536&amp;ssl=1 1024w, https:\/\/i0.wp.com\/warjakka.com\/wp-content\/uploads\/2020\/08\/POP-UP-Taidepiste-elokuu-1.jpg?resize=768%2C402&amp;ssl=1 768w, https:\/\/i0.wp.com\/warjakka.com\/wp-content\/uploads\/2020\/08\/POP-UP-Taidepiste-elokuu-1.jpg?resize=222%2C116&amp;ssl=1 222w\" sizes=\"auto, (max-width: 300px) 100vw, 300px\" \/><\/a>\n<h4 class=\"pt-cv-title\"><a href=\"https:\/\/warjakka.com\/fi\/pop-up-taidepisteet-elokuussa\/\" class=\"_self\" target=\"_self\" >Pop-Up Taidepisteet Elokuussa<\/a><\/h4>\n<div class=\"pt-cv-content\">Wau, kes\u00e4n viimeiset Pop-Up Taidepisteet ovat k\u00e4sill\u00e4! Elokuussa on viel\u00e4 kaksi mahdollisuutta ...<br \/><div class=\"pt-cv-rmwrap\"><a href=\"https:\/\/warjakka.com\/fi\/pop-up-taidepisteet-elokuussa\/\" class=\"_self pt-cv-readmore btn btn-success\" target=\"_self\">Read More<\/a><\/div><\/div><\/div><\/div>\n<div class=\"col-md-3 col-sm-6 col-xs-12 pt-cv-content-item pt-cv-1-col\" ><div class='pt-cv-ifield'><a href=\"https:\/\/warjakka.com\/fi\/blogi-mita-tehda-metsassa\/\" class=\"_self pt-cv-href-thumbnail pt-cv-thumb-default\" target=\"_self\" ><img loading=\"lazy\" decoding=\"async\" width=\"300\" height=\"225\" src=\"https:\/\/i0.wp.com\/warjakka.com\/wp-content\/uploads\/2020\/07\/IMG_20200408_123920-scaled.jpg?fit=300%2C225&amp;ssl=1\" class=\"pt-cv-thumbnail\" alt=\"\" srcset=\"https:\/\/i0.wp.com\/warjakka.com\/wp-content\/uploads\/2020\/07\/IMG_20200408_123920-scaled.jpg?w=2560&amp;ssl=1 2560w, https:\/\/i0.wp.com\/warjakka.com\/wp-content\/uploads\/2020\/07\/IMG_20200408_123920-scaled.jpg?resize=300%2C225&amp;ssl=1 300w, https:\/\/i0.wp.com\/warjakka.com\/wp-content\/uploads\/2020\/07\/IMG_20200408_123920-scaled.jpg?resize=1024%2C768&amp;ssl=1 1024w, https:\/\/i0.wp.com\/warjakka.com\/wp-content\/uploads\/2020\/07\/IMG_20200408_123920-scaled.jpg?resize=768%2C576&amp;ssl=1 768w, https:\/\/i0.wp.com\/warjakka.com\/wp-content\/uploads\/2020\/07\/IMG_20200408_123920-scaled.jpg?resize=1536%2C1152&amp;ssl=1 1536w, https:\/\/i0.wp.com\/warjakka.com\/wp-content\/uploads\/2020\/07\/IMG_20200408_123920-scaled.jpg?resize=2048%2C1536&amp;ssl=1 2048w, https:\/\/i0.wp.com\/warjakka.com\/wp-content\/uploads\/2020\/07\/IMG_20200408_123920-scaled.jpg?resize=155%2C116&amp;ssl=1 155w, https:\/\/i0.wp.com\/warjakka.com\/wp-content\/uploads\/2020\/07\/IMG_20200408_123920-scaled.jpg?w=2280&amp;ssl=1 2280w\" sizes=\"auto, (max-width: 300px) 100vw, 300px\" \/><\/a>\n<h4 class=\"pt-cv-title\"><a href=\"https:\/\/warjakka.com\/fi\/blogi-mita-tehda-metsassa\/\" class=\"_self\" target=\"_self\" >Blogi: Mit\u00e4 tehd\u00e4 mets\u00e4ss\u00e4?<\/a><\/h4>\n<div class=\"pt-cv-content\">Olen pitk\u00e4\u00e4n ihmetellyt, mit\u00e4 ihmiset tekev\u00e4t mets\u00e4ss\u00e4 ja kuinka siell\u00e4 voi viett\u00e4\u00e4 ...<br \/><div class=\"pt-cv-rmwrap\"><a href=\"https:\/\/warjakka.com\/fi\/blogi-mita-tehda-metsassa\/\" class=\"_self pt-cv-readmore btn btn-success\" target=\"_self\">Read More<\/a><\/div><\/div><\/div><\/div>\n<div class=\"col-md-3 col-sm-6 col-xs-12 pt-cv-content-item pt-cv-1-col\" ><div class='pt-cv-ifield'><a href=\"https:\/\/warjakka.com\/fi\/art-lab-2020\/\" class=\"_self pt-cv-href-thumbnail pt-cv-thumb-default\" target=\"_self\" ><img loading=\"lazy\" decoding=\"async\" width=\"300\" height=\"172\" src=\"https:\/\/i0.wp.com\/warjakka.com\/wp-content\/uploads\/2020\/07\/Screen-Shot-2020-07-14-at-14.30.29-scaled.jpg?fit=300%2C172&amp;ssl=1\" class=\"pt-cv-thumbnail\" alt=\"\" srcset=\"https:\/\/i0.wp.com\/warjakka.com\/wp-content\/uploads\/2020\/07\/Screen-Shot-2020-07-14-at-14.30.29-scaled.jpg?w=2560&amp;ssl=1 2560w, https:\/\/i0.wp.com\/warjakka.com\/wp-content\/uploads\/2020\/07\/Screen-Shot-2020-07-14-at-14.30.29-scaled.jpg?resize=300%2C172&amp;ssl=1 300w, https:\/\/i0.wp.com\/warjakka.com\/wp-content\/uploads\/2020\/07\/Screen-Shot-2020-07-14-at-14.30.29-scaled.jpg?resize=1024%2C589&amp;ssl=1 1024w, https:\/\/i0.wp.com\/warjakka.com\/wp-content\/uploads\/2020\/07\/Screen-Shot-2020-07-14-at-14.30.29-scaled.jpg?resize=768%2C442&amp;ssl=1 768w, https:\/\/i0.wp.com\/warjakka.com\/wp-content\/uploads\/2020\/07\/Screen-Shot-2020-07-14-at-14.30.29-scaled.jpg?resize=1536%2C883&amp;ssl=1 1536w, https:\/\/i0.wp.com\/warjakka.com\/wp-content\/uploads\/2020\/07\/Screen-Shot-2020-07-14-at-14.30.29-scaled.jpg?resize=2048%2C1177&amp;ssl=1 2048w, https:\/\/i0.wp.com\/warjakka.com\/wp-content\/uploads\/2020\/07\/Screen-Shot-2020-07-14-at-14.30.29-scaled.jpg?resize=202%2C116&amp;ssl=1 202w, https:\/\/i0.wp.com\/warjakka.com\/wp-content\/uploads\/2020\/07\/Screen-Shot-2020-07-14-at-14.30.29-scaled.jpg?w=2280&amp;ssl=1 2280w\" sizes=\"auto, (max-width: 300px) 100vw, 300px\" \/><\/a>\n<h4 class=\"pt-cv-title\"><a href=\"https:\/\/warjakka.com\/fi\/art-lab-2020\/\" class=\"_self\" target=\"_self\" >Blogi: Art Lab 2020<\/a><\/h4>\n<div class=\"pt-cv-content\">Viikon mittaiselle Warjakka Art Lab -taidekurssille ilmoittautui kuusi osallistujaa sek\u00e4 viikon aikana ...<br \/><div class=\"pt-cv-rmwrap\"><a href=\"https:\/\/warjakka.com\/fi\/art-lab-2020\/\" class=\"_self pt-cv-readmore btn btn-success\" target=\"_self\">Read More<\/a><\/div><\/div><\/div><\/div>\n<div class=\"col-md-3 col-sm-6 col-xs-12 pt-cv-content-item pt-cv-1-col\" ><div class='pt-cv-ifield'><a href=\"https:\/\/warjakka.com\/fi\/pop-up-taidepisteet-heinakuussa\/\" class=\"_self pt-cv-href-thumbnail pt-cv-thumb-default\" target=\"_self\" ><img loading=\"lazy\" decoding=\"async\" width=\"300\" height=\"157\" src=\"https:\/\/i0.wp.com\/warjakka.com\/wp-content\/uploads\/2020\/07\/POP-UP-Taidepisteet-Varjakassa-3.jpg?fit=300%2C157&amp;ssl=1\" class=\"pt-cv-thumbnail\" alt=\"\" srcset=\"https:\/\/i0.wp.com\/warjakka.com\/wp-content\/uploads\/2020\/07\/POP-UP-Taidepisteet-Varjakassa-3.jpg?w=1200&amp;ssl=1 1200w, https:\/\/i0.wp.com\/warjakka.com\/wp-content\/uploads\/2020\/07\/POP-UP-Taidepisteet-Varjakassa-3.jpg?resize=300%2C157&amp;ssl=1 300w, https:\/\/i0.wp.com\/warjakka.com\/wp-content\/uploads\/2020\/07\/POP-UP-Taidepisteet-Varjakassa-3.jpg?resize=1024%2C536&amp;ssl=1 1024w, https:\/\/i0.wp.com\/warjakka.com\/wp-content\/uploads\/2020\/07\/POP-UP-Taidepisteet-Varjakassa-3.jpg?resize=768%2C402&amp;ssl=1 768w, https:\/\/i0.wp.com\/warjakka.com\/wp-content\/uploads\/2020\/07\/POP-UP-Taidepisteet-Varjakassa-3.jpg?resize=222%2C116&amp;ssl=1 222w\" sizes=\"auto, (max-width: 300px) 100vw, 300px\" \/><\/a>\n<h4 class=\"pt-cv-title\"><a href=\"https:\/\/warjakka.com\/fi\/pop-up-taidepisteet-heinakuussa\/\" class=\"_self\" target=\"_self\" >Pop-Up Taidepisteet hein\u00e4kuussa<\/a><\/h4>\n<div class=\"pt-cv-content\">Mist\u00e4 kertoisin Kun teot tuntuvat puhuvan enemm\u00e4n puolestaan Kun innostus virtaa kehossa\u00a0eik\u00e4 ...<br \/><div class=\"pt-cv-rmwrap\"><a href=\"https:\/\/warjakka.com\/fi\/pop-up-taidepisteet-heinakuussa\/\" class=\"_self pt-cv-readmore btn btn-success\" target=\"_self\">Read More<\/a><\/div><\/div><\/div><\/div>\n<div class=\"col-md-3 col-sm-6 col-xs-12 pt-cv-content-item pt-cv-1-col\" ><div class='pt-cv-ifield'><a href=\"https:\/\/warjakka.com\/fi\/ohjattu-kierros-warjakan-taidepolulla-30-6\/\" class=\"_self pt-cv-href-thumbnail pt-cv-thumb-default\" target=\"_self\" ><img loading=\"lazy\" decoding=\"async\" width=\"300\" height=\"157\" src=\"https:\/\/i0.wp.com\/warjakka.com\/wp-content\/uploads\/2020\/06\/WTP-Kierros-banner.jpg?fit=300%2C157&amp;ssl=1\" class=\"pt-cv-thumbnail\" alt=\"\" srcset=\"https:\/\/i0.wp.com\/warjakka.com\/wp-content\/uploads\/2020\/06\/WTP-Kierros-banner.jpg?w=1200&amp;ssl=1 1200w, https:\/\/i0.wp.com\/warjakka.com\/wp-content\/uploads\/2020\/06\/WTP-Kierros-banner.jpg?resize=300%2C157&amp;ssl=1 300w, https:\/\/i0.wp.com\/warjakka.com\/wp-content\/uploads\/2020\/06\/WTP-Kierros-banner.jpg?resize=1024%2C536&amp;ssl=1 1024w, https:\/\/i0.wp.com\/warjakka.com\/wp-content\/uploads\/2020\/06\/WTP-Kierros-banner.jpg?resize=768%2C402&amp;ssl=1 768w, https:\/\/i0.wp.com\/warjakka.com\/wp-content\/uploads\/2020\/06\/WTP-Kierros-banner.jpg?resize=222%2C116&amp;ssl=1 222w\" sizes=\"auto, (max-width: 300px) 100vw, 300px\" \/><\/a>\n<h4 class=\"pt-cv-title\"><a href=\"https:\/\/warjakka.com\/fi\/ohjattu-kierros-warjakan-taidepolulla-30-6\/\" class=\"_self\" target=\"_self\" >Ohjattu kierros Warjakan Taidepolulla 30.6.<\/a><\/h4>\n<div class=\"pt-cv-content\">Tervetuloa Warjakan Taidepolun ohjatulle kierrokselle tiistaina 30.6. klo 18! Tapaamme Varjakan venesatamassa ...<br \/><div class=\"pt-cv-rmwrap\"><a href=\"https:\/\/warjakka.com\/fi\/ohjattu-kierros-warjakan-taidepolulla-30-6\/\" class=\"_self pt-cv-readmore btn btn-success\" target=\"_self\">Read More<\/a><\/div><\/div><\/div><\/div>\n<div class=\"col-md-3 col-sm-6 col-xs-12 pt-cv-content-item pt-cv-1-col\" ><div class='pt-cv-ifield'><a href=\"https:\/\/warjakka.com\/fi\/blogi-miksi-ja-mika-luonnon-taide\/\" class=\"_self pt-cv-href-thumbnail pt-cv-thumb-default\" target=\"_self\" ><img loading=\"lazy\" decoding=\"async\" width=\"300\" height=\"225\" src=\"https:\/\/i0.wp.com\/warjakka.com\/wp-content\/uploads\/2020\/06\/Asetelma-scaled.jpg?fit=300%2C225&amp;ssl=1\" class=\"pt-cv-thumbnail\" alt=\"\" srcset=\"https:\/\/i0.wp.com\/warjakka.com\/wp-content\/uploads\/2020\/06\/Asetelma-scaled.jpg?w=2560&amp;ssl=1 2560w, https:\/\/i0.wp.com\/warjakka.com\/wp-content\/uploads\/2020\/06\/Asetelma-scaled.jpg?resize=300%2C225&amp;ssl=1 300w, https:\/\/i0.wp.com\/warjakka.com\/wp-content\/uploads\/2020\/06\/Asetelma-scaled.jpg?resize=1024%2C768&amp;ssl=1 1024w, https:\/\/i0.wp.com\/warjakka.com\/wp-content\/uploads\/2020\/06\/Asetelma-scaled.jpg?resize=768%2C576&amp;ssl=1 768w, https:\/\/i0.wp.com\/warjakka.com\/wp-content\/uploads\/2020\/06\/Asetelma-scaled.jpg?resize=1536%2C1152&amp;ssl=1 1536w, https:\/\/i0.wp.com\/warjakka.com\/wp-content\/uploads\/2020\/06\/Asetelma-scaled.jpg?resize=2048%2C1536&amp;ssl=1 2048w, https:\/\/i0.wp.com\/warjakka.com\/wp-content\/uploads\/2020\/06\/Asetelma-scaled.jpg?resize=155%2C116&amp;ssl=1 155w, https:\/\/i0.wp.com\/warjakka.com\/wp-content\/uploads\/2020\/06\/Asetelma-scaled.jpg?w=2280&amp;ssl=1 2280w\" sizes=\"auto, (max-width: 300px) 100vw, 300px\" \/><\/a>\n<h4 class=\"pt-cv-title\"><a href=\"https:\/\/warjakka.com\/fi\/blogi-miksi-ja-mika-luonnon-taide\/\" class=\"_self\" target=\"_self\" >Blogi: Miksi ja mik\u00e4 luonnon taide?<\/a><\/h4>\n<div class=\"pt-cv-content\">Ennen olen ajatellut, ett\u00e4 haluan s\u00e4ilytt\u00e4\u00e4 kaiken tekem\u00e4ni taiteen. Teoksen syntymiseen on ...<br \/><div class=\"pt-cv-rmwrap\"><a href=\"https:\/\/warjakka.com\/fi\/blogi-miksi-ja-mika-luonnon-taide\/\" class=\"_self pt-cv-readmore btn btn-success\" target=\"_self\">Read More<\/a><\/div><\/div><\/div><\/div>\n<div class=\"col-md-3 col-sm-6 col-xs-12 pt-cv-content-item pt-cv-1-col\" ><div class='pt-cv-ifield'><a href=\"https:\/\/warjakka.com\/fi\/blogi-kaupunginosataiteilijan-tervehdys\/\" class=\"_self pt-cv-href-thumbnail pt-cv-thumb-default\" target=\"_self\" ><img loading=\"lazy\" decoding=\"async\" width=\"300\" height=\"225\" src=\"https:\/\/i0.wp.com\/warjakka.com\/wp-content\/uploads\/2020\/06\/IMG_20200613_175055-scaled.jpg?fit=300%2C225&amp;ssl=1\" class=\"pt-cv-thumbnail\" alt=\"\" srcset=\"https:\/\/i0.wp.com\/warjakka.com\/wp-content\/uploads\/2020\/06\/IMG_20200613_175055-scaled.jpg?w=2560&amp;ssl=1 2560w, https:\/\/i0.wp.com\/warjakka.com\/wp-content\/uploads\/2020\/06\/IMG_20200613_175055-scaled.jpg?resize=300%2C225&amp;ssl=1 300w, https:\/\/i0.wp.com\/warjakka.com\/wp-content\/uploads\/2020\/06\/IMG_20200613_175055-scaled.jpg?resize=1024%2C768&amp;ssl=1 1024w, https:\/\/i0.wp.com\/warjakka.com\/wp-content\/uploads\/2020\/06\/IMG_20200613_175055-scaled.jpg?resize=768%2C576&amp;ssl=1 768w, https:\/\/i0.wp.com\/warjakka.com\/wp-content\/uploads\/2020\/06\/IMG_20200613_175055-scaled.jpg?resize=1536%2C1152&amp;ssl=1 1536w, https:\/\/i0.wp.com\/warjakka.com\/wp-content\/uploads\/2020\/06\/IMG_20200613_175055-scaled.jpg?resize=2048%2C1536&amp;ssl=1 2048w, https:\/\/i0.wp.com\/warjakka.com\/wp-content\/uploads\/2020\/06\/IMG_20200613_175055-scaled.jpg?resize=155%2C116&amp;ssl=1 155w, https:\/\/i0.wp.com\/warjakka.com\/wp-content\/uploads\/2020\/06\/IMG_20200613_175055-scaled.jpg?w=2280&amp;ssl=1 2280w\" sizes=\"auto, (max-width: 300px) 100vw, 300px\" \/><\/a>\n<h4 class=\"pt-cv-title\"><a href=\"https:\/\/warjakka.com\/fi\/blogi-kaupunginosataiteilijan-tervehdys\/\" class=\"_self\" target=\"_self\" >Blogi: Kaupunginosataiteilijan tervehdys<\/a><\/h4>\n<div class=\"pt-cv-content\">Hei! Min\u00e4 olen Mirjami ja on kunnia toimia Varjakan kaupunginosataiteilijana t\u00e4m\u00e4 kes\u00e4! ...<br \/><div class=\"pt-cv-rmwrap\"><a href=\"https:\/\/warjakka.com\/fi\/blogi-kaupunginosataiteilijan-tervehdys\/\" class=\"_self pt-cv-readmore btn btn-success\" target=\"_self\">Read More<\/a><\/div><\/div><\/div><\/div>\n<div class=\"col-md-3 col-sm-6 col-xs-12 pt-cv-content-item pt-cv-1-col\" ><div class='pt-cv-ifield'><a href=\"https:\/\/warjakka.com\/fi\/kesa-tyopajat\/\" class=\"_self pt-cv-href-thumbnail pt-cv-thumb-default\" target=\"_self\" ><img loading=\"lazy\" decoding=\"async\" width=\"300\" height=\"134\" src=\"https:\/\/i0.wp.com\/warjakka.com\/wp-content\/uploads\/2020\/06\/Viiva.jpg?fit=300%2C134&amp;ssl=1\" class=\"pt-cv-thumbnail\" alt=\"\" srcset=\"https:\/\/i0.wp.com\/warjakka.com\/wp-content\/uploads\/2020\/06\/Viiva.jpg?w=1200&amp;ssl=1 1200w, https:\/\/i0.wp.com\/warjakka.com\/wp-content\/uploads\/2020\/06\/Viiva.jpg?resize=300%2C134&amp;ssl=1 300w, https:\/\/i0.wp.com\/warjakka.com\/wp-content\/uploads\/2020\/06\/Viiva.jpg?resize=1024%2C457&amp;ssl=1 1024w, https:\/\/i0.wp.com\/warjakka.com\/wp-content\/uploads\/2020\/06\/Viiva.jpg?resize=768%2C342&amp;ssl=1 768w\" sizes=\"auto, (max-width: 300px) 100vw, 300px\" \/><\/a>\n<h4 class=\"pt-cv-title\"><a href=\"https:\/\/warjakka.com\/fi\/kesa-tyopajat\/\" class=\"_self\" target=\"_self\" >Kes\u00e4n Ty\u00f6pajat<\/a><\/h4>\n<div class=\"pt-cv-content\">Kes\u00e4ll\u00e4 2020 TaikaBox ry toteuttaa monipuolista yhteis\u00f6llist\u00e4 taidetoimintaa yhteisty\u00f6ss\u00e4 Kulttuuritalo Valveen kanssa ...<br \/><div class=\"pt-cv-rmwrap\"><a href=\"https:\/\/warjakka.com\/fi\/kesa-tyopajat\/\" class=\"_self pt-cv-readmore btn btn-success\" target=\"_self\">Read More<\/a><\/div><\/div><\/div><\/div><\/div><\/div><\/div>\n\n\n\n<hr class=\"wp-block-separator has-css-opacity is-style-wide\"\/>","protected":false},"excerpt":{"rendered":"<p>Throughout July 2019 and 2021, as part of an art project, TaikaBox opened up the Konttori building on Varjakka Island &hellip; <a href=\"https:\/\/warjakka.com\/fi\/artlab\/\" class=\"more-link\">Continue reading <span class=\"screen-reader-text\">Warjakka Art Lab<\/span><\/a><\/p>","protected":false},"author":4,"featured_media":0,"parent":0,"menu_order":0,"comment_status":"closed","ping_status":"closed","template":"","meta":{"footnotes":""},"class_list":["post-1362","page","type-page","status-publish","hentry"],"jetpack_sharing_enabled":true,"_links":{"self":[{"href":"https:\/\/warjakka.com\/fi\/wp-json\/wp\/v2\/pages\/1362","targetHints":{"allow":["GET"]}}],"collection":[{"href":"https:\/\/warjakka.com\/fi\/wp-json\/wp\/v2\/pages"}],"about":[{"href":"https:\/\/warjakka.com\/fi\/wp-json\/wp\/v2\/types\/page"}],"author":[{"embeddable":true,"href":"https:\/\/warjakka.com\/fi\/wp-json\/wp\/v2\/users\/4"}],"replies":[{"embeddable":true,"href":"https:\/\/warjakka.com\/fi\/wp-json\/wp\/v2\/comments?post=1362"}],"version-history":[{"count":27,"href":"https:\/\/warjakka.com\/fi\/wp-json\/wp\/v2\/pages\/1362\/revisions"}],"predecessor-version":[{"id":1798,"href":"https:\/\/warjakka.com\/fi\/wp-json\/wp\/v2\/pages\/1362\/revisions\/1798"}],"wp:attachment":[{"href":"https:\/\/warjakka.com\/fi\/wp-json\/wp\/v2\/media?parent=1362"}],"curies":[{"name":"wp","href":"https:\/\/api.w.org\/{rel}","templated":true}]}}