{"id":994,"date":"2020-05-06T08:21:04","date_gmt":"2020-05-06T08:21:04","guid":{"rendered":"http:\/\/warjakka.com\/?page_id=994"},"modified":"2024-01-09T12:02:26","modified_gmt":"2024-01-09T12:02:26","slug":"gardens","status":"publish","type":"page","link":"https:\/\/warjakka.com\/fi\/gardens\/","title":{"rendered":"Puutarha"},"content":{"rendered":"<figure class=\"wp-block-image size-large\"><img data-recalc-dims=\"1\" loading=\"lazy\" decoding=\"async\" width=\"1024\" height=\"782\" src=\"https:\/\/i0.wp.com\/warjakka.com\/wp-content\/uploads\/2023\/05\/gardenbox2.jpg?resize=1024%2C782&#038;ssl=1\" alt=\"\" class=\"wp-image-1822\" srcset=\"https:\/\/i0.wp.com\/warjakka.com\/wp-content\/uploads\/2023\/05\/gardenbox2.jpg?resize=1024%2C782&amp;ssl=1 1024w, https:\/\/i0.wp.com\/warjakka.com\/wp-content\/uploads\/2023\/05\/gardenbox2.jpg?resize=300%2C229&amp;ssl=1 300w, https:\/\/i0.wp.com\/warjakka.com\/wp-content\/uploads\/2023\/05\/gardenbox2.jpg?resize=768%2C586&amp;ssl=1 768w, https:\/\/i0.wp.com\/warjakka.com\/wp-content\/uploads\/2023\/05\/gardenbox2.jpg?w=1200&amp;ssl=1 1200w\" sizes=\"auto, (max-width: 1024px) 100vw, 1024px\" \/><\/figure>\n\n\n\n<p class=\"has-text-align-center has-large-font-size\"><strong>Ryhdy <em>WARJAKKA PUUTARHAN<\/em> viljelij\u00e4ksi!&nbsp;<\/strong><\/p>\n\n\n\n<p><em>WARJAKKA PUUTARHA<\/em> sijaitsee Oulunsalon Varjakan venesatamaan viev\u00e4n Varjakantien varressa entisen Kukon- ja Finninkadun kivijaloilla, ison Varjakan m\u00e4nnyn edustalla ja l\u00e4heisyydess\u00e4 sek\u00e4 Warjakan Taidepolun varrella.&nbsp;Puutarha on paikallisen <a rel=\"noreferrer noopener\" href=\"https:\/\/www.warjakkalaiset.fi\/\" target=\"_blank\">Warjakkalaiset ry<\/a> kyl\u00e4yhdistyksen yll\u00e4pit\u00e4m\u00e4. <\/p>\n\n\n\n<p>Puutarhan tavoitteena on tarjota kaiken ik\u00e4isille ja tasoisille viljelij\u00f6ille viihtyis\u00e4 harrastus, joka ilahduttaa my\u00f6s muita alueella liikkujia. Sen avulla pyrit\u00e4\u00e4n kehitt\u00e4m\u00e4\u00e4n uudenlaista toimintaa, joka nostaa my\u00f6s alueen kulttuuriperint\u00f6\u00e4 esiin.&nbsp;<\/p>\n\n\n\n<p>Jokainen viljelij\u00e4 tai ryhm\u00e4 voi varata <em>WARJAKKA PUUTARHASTA<\/em> 1\u20123 kasvatuslaatikkoa yhdeksi kes\u00e4ksi kerrallaan. Yksi laatikko maksaa 10\u20ac\/kes\u00e4. Maksuilla yll\u00e4pidet\u00e4\u00e4n mm. kes\u00e4ist\u00e4 vesipistett\u00e4. Jokainen viljelij\u00e4 tuo mukanaan tarvittavat v\u00e4lineet, kastelukannun, taimet ja&nbsp;siemenet sek\u00e4 kasvukaudella tarvittavat lis\u00e4lannoitteet. <\/p>\n\n\n\n<p>Syksyll\u00e4 j\u00e4rjest\u00e4mme yhteisen sadonkorjuujuhlan.&nbsp;<br><br>Kasvatuslaatikoita on rajallinen m\u00e4\u00e4r\u00e4 ja niit\u00e4 voi varata kev\u00e4\u00e4n aikana niin kauan kuin laatikoita riitt\u00e4\u00e4. Lataa kartta viljelylaatikoista t\u00e4st\u00e4:<\/p>\n\n\n\n<div class=\"wp-block-file\"><a id=\"wp-block-file--media-dc252134-a347-4348-ae45-829713bde03a\" href=\"https:\/\/warjakka.com\/wp-content\/uploads\/2023\/05\/Garden-Planter-Boxes-1.pdf\" target=\"_blank\" rel=\"noreferrer noopener\">Garden-Planter-Boxes-1<\/a><a href=\"https:\/\/warjakka.com\/wp-content\/uploads\/2023\/05\/Garden-Planter-Boxes-1.pdf\" class=\"wp-block-file__button wp-element-button\" download aria-describedby=\"wp-block-file--media-dc252134-a347-4348-ae45-829713bde03a\">Download<\/a><\/div>\n\n\n\n<p><br>Jokainen viljelij\u00e4 sitoutuu&nbsp;<em>WARJAKKA PUUTARHAN<\/em>&nbsp;s\u00e4\u00e4nt\u00f6ihin. Lataa puutarhan s\u00e4\u00e4nn\u00f6t t\u00e4st\u00e4:<\/p>\n\n\n\n<div class=\"wp-block-file\"><a id=\"wp-block-file--media-c90dbda7-aa72-4309-8f6f-2a760657b55e\" href=\"https:\/\/warjakka.com\/wp-content\/uploads\/2023\/05\/warjakka-puutarhan-saannot-2023.pdf\" target=\"_blank\" rel=\"noreferrer noopener\">warjakka-puutarhan-saannot-2023<\/a><a href=\"https:\/\/warjakka.com\/wp-content\/uploads\/2023\/05\/warjakka-puutarhan-saannot-2023.pdf\" class=\"wp-block-file__button wp-element-button\" download aria-describedby=\"wp-block-file--media-c90dbda7-aa72-4309-8f6f-2a760657b55e\">Download<\/a><\/div>\n\n\n\n<p><br>Lis\u00e4tietoa sek\u00e4 laatikoiden varaukset: 044 981 7348 tai&nbsp;<a href=\"mailto:hallitus@warjakkalaiset.fi\" target=\"_blank\" rel=\"noreferrer noopener\">hallitus@warjakkalaiset.fi<\/a><\/p>\n\n\n\n<p><br>Voit seurata puutarhan toimintaa sosiaalimediassa: #warjakkapuutarha&nbsp;<\/p>\n\n\n\n<p>Tervetuloa mukaan!<\/p>","protected":false},"excerpt":{"rendered":"<p>Ryhdy WARJAKKA PUUTARHAN viljelij\u00e4ksi!&nbsp; WARJAKKA PUUTARHA sijaitsee Oulunsalon Varjakan venesatamaan viev\u00e4n Varjakantien varressa entisen Kukon- ja Finninkadun kivijaloilla, ison Varjakan &hellip; <a href=\"https:\/\/warjakka.com\/fi\/gardens\/\" class=\"more-link\">Continue reading <span class=\"screen-reader-text\">Puutarha<\/span><\/a><\/p>","protected":false},"author":4,"featured_media":0,"parent":0,"menu_order":0,"comment_status":"closed","ping_status":"closed","template":"page-templates\/full-width.php","meta":{"footnotes":""},"class_list":["post-994","page","type-page","status-publish","hentry"],"jetpack_sharing_enabled":true,"_links":{"self":[{"href":"https:\/\/warjakka.com\/fi\/wp-json\/wp\/v2\/pages\/994","targetHints":{"allow":["GET"]}}],"collection":[{"href":"https:\/\/warjakka.com\/fi\/wp-json\/wp\/v2\/pages"}],"about":[{"href":"https:\/\/warjakka.com\/fi\/wp-json\/wp\/v2\/types\/page"}],"author":[{"embeddable":true,"href":"https:\/\/warjakka.com\/fi\/wp-json\/wp\/v2\/users\/4"}],"replies":[{"embeddable":true,"href":"https:\/\/warjakka.com\/fi\/wp-json\/wp\/v2\/comments?post=994"}],"version-history":[{"count":22,"href":"https:\/\/warjakka.com\/fi\/wp-json\/wp\/v2\/pages\/994\/revisions"}],"predecessor-version":[{"id":2318,"href":"https:\/\/warjakka.com\/fi\/wp-json\/wp\/v2\/pages\/994\/revisions\/2318"}],"wp:attachment":[{"href":"https:\/\/warjakka.com\/fi\/wp-json\/wp\/v2\/media?parent=994"}],"curies":[{"name":"wp","href":"https:\/\/api.w.org\/{rel}","templated":true}]}}